{"id":324,"date":"2022-09-30T16:27:29","date_gmt":"2022-09-30T16:27:29","guid":{"rendered":"https:\/\/www.infinitygirl.fr\/?page_id=324"},"modified":"2025-04-02T11:13:57","modified_gmt":"2025-04-02T11:13:57","slug":"travel","status":"publish","type":"page","link":"https:\/\/www.infinitygirl.fr\/fr\/travel\/","title":{"rendered":"Travel"},"content":{"rendered":"<div class=\"brz-root__container brz-reset-all brz\">\n<section id=\"_mwakketartrvffocjhwvgspuojfbdrgacgsz\" class=\"brz-section brz-css-tc8dn\">\n<div class=\"brz-section__content brz-section--boxed brz-css-imWcj brz-css-vpu8O\" data-brz-custom-id=\"hmytzzocikqjqqscbgjejskbdssqvdzyhhfk\">\n<div class=\"brz-container brz-css-gIuDG\">\n<div id=\"\" class=\"brz-css-iZ36I brz-wrapper\">\n<div class=\"brz-rich-text brz-rich-text__custom brz-css-f8gaT\" data-brz-custom-id=\"vwulbredusjbfggvoxonodczreruktkoeguk\">\n<div data-brz-translate-text=\"1\">\n<h1 class=\"brz-tp-lg-heading1 brz-text-lg-center brz-css-nWElS\" data-generated-css=\"brz-css-lyafl\" data-uniq-id=\"omepv\"><span class=\"brz-cp-color2\">Une occasion sp\u00e9ciale de voyager<\/span><\/h1>\n<\/div>\n<\/div>\n<\/div>\n<div id=\"\" class=\"brz-css-iZ36I brz-css-q6MaC brz-wrapper\">\n<div class=\"brz-rich-text brz-rich-text__custom brz-css-f8gaT\" data-brz-custom-id=\"kymjfrjekretuzjuycrrssidnyshrovbzwit\">\n<div data-brz-translate-text=\"1\">\n<p class=\"brz-tp-lg-paragraph brz-text-lg-center brz-css-uQwyb\" data-generated-css=\"brz-css-valah\" data-uniq-id=\"hvnnp\"><span class=\"brz-cp-color7\">Chaque mois, nous mettons en comp\u00e9tition 2 h\u00f4tels sublimes ! Votez pour votre \u00e9tablissement pr\u00e9f\u00e9r\u00e9 et tentez de gagner une nuit dans celui qui sera \u00e9lu meilleur Infinity...<\/span><\/p>\n<\/div>\n<\/div>\n<\/div>\n<div id=\"\" class=\"brz-css-iZ36I brz-wrapper\">\n<div class=\"brz-rich-text brz-rich-text__custom brz-css-f8gaT\" data-brz-custom-id=\"opfbwofdxytyekkvdtpdahoeroatktotgfnw\">\n<div data-brz-translate-text=\"1\">\n<p class=\"brz-text-lg-center brz-tp-lg-paragraph brz-css-oZ9EM\" data-uniq-id=\"kwrri\" data-generated-css=\"brz-css-vjsqu\"><span class=\"brz-cp-color7\">Il suffit de s'abonner au compte Instagram de l'h\u00f4tel qui vous semble le meilleur pour compter votre vote et tenter de gagner une nuit de r\u00eave.<\/span><\/p>\n<\/div>\n<\/div>\n<\/div>\n<div id=\"\" class=\"brz-css-iZ36I brz-css-ljSiS brz-wrapper\">\n<div class=\"brz-spacer brz-css-bdN1h brz-css-pLpvq\"><\/div>\n<\/div>\n<div id=\"\" data-brz-iteration-count=\"1\" class=\"brz-css-iZ36I brz-wrapper brz-animated brz-css-qmtRg brz-css-jq7OM\" data-animationid=\"xaxjnnieommojogipkffnzqubbwdpzbreurf\">\n<div class=\"brz-rich-text brz-rich-text__custom brz-css-f8gaT\" data-brz-custom-id=\"efnazyylfwtczrlgfougwnmwvlftswtjwloy\">\n<div data-brz-translate-text=\"1\">\n<h4 data-generated-css=\"brz-css-yazww\" data-uniq-id=\"lpycz\" class=\"brz-text-lg-center brz-tp-lg-empty brz-ff-amatic_sc brz-ft-google brz-fs-lg-39 brz-fss-lg-px brz-fw-lg-700 brz-ls-lg-m_0_5 brz-lh-lg-1 brz-css-ftxl6\"><span class=\"brz-cp-color7\">A vous de jouer et de voter ! !! <\/span><\/h4>\n<\/div>\n<\/div>\n<\/div>\n<div class=\"brz-wrapper-clone brz-css-bW6gB\">\n<div class=\"brz-d-xs-flex brz-flex-xs-wrap brz-css-kCgBl brz-css-gtDn8\" data-brz-custom-id=\"\">\n<div class=\"brz-wrapper-clone__item\" id=\"bxepjbauczhxyehrqwglhtbcgkrlwowhqthb\"><a class=\"brz-a brz-btn brz-css-tl7wk brz-css-neQxl brz-css-gekHs brz-css-tWO3h\" href=\"https:\/\/instagram.com\/soukilodgesspa?igshid=YmMyMTA2M2Y=\" target=\"_self\" rel=\"noopener\" data-brz-link-type=\"external\" data-brz-custom-id=\"bxepjbauczhxyehrqwglhtbcgkrlwowhqthb\"><span data-brz-translate-text=\"1\" class=\"brz-span brz-text__editor\">H\u00f4tel N\u00b01<\/span><\/a><\/div>\n<div class=\"brz-wrapper-clone__item\" id=\"oxfbtguqhmpmrkwxjmqdaorsornzonjgukac\"><a class=\"brz-a brz-btn brz-css-tl7wk brz-css-xStq2 brz-css-gekHs brz-css-iGZjM\" href=\"https:\/\/instagram.com\/habitatmykonos?igshid=YmMyMTA2M2Y=\" target=\"_self\" rel=\"noopener\" data-brz-link-type=\"external\" data-brz-custom-id=\"oxfbtguqhmpmrkwxjmqdaorsornzonjgukac\"><span data-brz-translate-text=\"1\" class=\"brz-span brz-text__editor\">H\u00f4tel N\u00b02&nbsp; &nbsp; &nbsp;<\/span><\/a><\/div>\n<\/div>\n<\/div>\n<div id=\"\" class=\"brz-css-iZ36I brz-css-ljSiS brz-wrapper\">\n<div class=\"brz-spacer brz-css-bdN1h brz-css-oicZN\"><\/div>\n<\/div>\n<\/div>\n<\/div>\n<\/section>\n<section id=\"H1\" class=\"brz-section brz-css-tc8dn\">\n<div class=\"brz-section__content brz-section--boxed brz-css-imWcj brz-css-u4cMo\" data-brz-custom-id=\"mspcaogxibnlgnctuetpxqknsphwndfuipjg\">\n<div class=\"brz-container brz-css-gIuDG\">\n<div id=\"\" class=\"brz-css-iZ36I brz-wrapper\">\n<div class=\"brz-rich-text brz-rich-text__custom brz-css-f8gaT\" data-brz-custom-id=\"sfayvzerzlxzszreuycvsbwywqpbpnqlozyi\">\n<div data-brz-translate-text=\"1\">\n<p class=\"brz-text-lg-center brz-ls-lg-0 brz-lh-lg-1_9 brz-tp-lg-empty brz-ff-amatic_sc brz-ft-google brz-fs-lg-50 brz-fss-lg-px brz-fw-lg-700 brz-css-tA5oH\" data-generated-css=\"brz-css-gmaay\" data-uniq-id=\"qxetw\">SOUKI LODGE &amp; SPA<\/p>\n<\/div>\n<\/div>\n<\/div>\n<div class=\"brz-row__container brz-css-psNsk\" data-brz-custom-id=\"ffkdrsqrqahslqngevtfaziaqfwnkdudymlv\">\n<div class=\"brz-bg\"><\/div>\n<div class=\"brz-row brz-css-ier_W brz-css-tSyeL\">\n<div class=\"brz-columns brz-css-h7rRb brz-css-wGXlA\" data-brz-custom-id=\"tflrjntmhczltovbtwtvrnnnwnfrebmkuzdi\">\n<div class=\"brz-bg\"><\/div>\n<div class=\"brz-column__items brz-css-bcNUI\">\n<div id=\"\" class=\"brz-css-iZ36I brz-wrapper\">\n<div class=\"brz-image brz-image__lightbox brz-css-oNOGS\" data-brz-custom-id=\"qsehbdvnmlhigfdrbfysdqrhyrugcjbravbl\"><a class=\"brz-a\" href=\"https:\/\/www.infinitygirl.fr\/wp-content\/uploads\/photo_2022-09-30_16-49-44.jpg\" target=\"_self\" rel=\"noopener\" data-brz-link-type=\"lightBox\"><img decoding=\"async\" class=\"brz-img\" src=\"https:\/\/www.infinitygirl.fr\/wp-content\/uploads\/brizy\/imgs\/photo_2022-09-30_16-49-44-1249x855x55x0x1140x855x1664557365.jpg\" alt=\"\" loading=\"lazy\"><\/a><\/div>\n<\/div>\n<\/div>\n<\/div>\n<\/div>\n<\/div>\n<div id=\"\" class=\"brz-css-iZ36I brz-css-ljSiS brz-wrapper\">\n<div class=\"brz-spacer brz-css-bdN1h\"><\/div>\n<\/div>\n<div class=\"brz-row__container brz-css-psNsk\" data-brz-custom-id=\"lasbvooyifyjxmshmwxjnzmmhugkbpghyqaz\">\n<div class=\"brz-bg\"><\/div>\n<div class=\"brz-row brz-css-ier_W brz-css-tSyeL\">\n<div class=\"brz-columns brz-css-h7rRb brz-css-uoTNJ\" data-brz-custom-id=\"gjlxwlgaqhtejqeaizucseftxdpysgubosny\">\n<div class=\"brz-bg\"><\/div>\n<div class=\"brz-column__items brz-css-bcNUI\">\n<div id=\"\" class=\"brz-css-iZ36I brz-wrapper\">\n<div class=\"brz-image brz-image__lightbox brz-css-gXIk3\" data-brz-custom-id=\"oihqsswvfmnzpgnkjlmnvvbpwhbccipmvvba\"><a class=\"brz-a\" href=\"https:\/\/www.infinitygirl.fr\/wp-content\/uploads\/photo_2022-09-30_19-11-41.jpg\" target=\"_self\" rel=\"noopener\" data-brz-link-type=\"lightBox\"><img decoding=\"async\" class=\"brz-img\" src=\"https:\/\/www.infinitygirl.fr\/wp-content\/uploads\/brizy\/imgs\/photo_2022-09-30_19-11-41-1263x855x62x0x1140x855x1664557945.jpg\" alt=\"\" loading=\"lazy\"><\/a><\/div>\n<\/div>\n<\/div>\n<\/div>\n<\/div>\n<\/div>\n<div id=\"\" class=\"brz-css-iZ36I brz-css-ljSiS brz-wrapper\">\n<div class=\"brz-spacer brz-css-bdN1h\"><\/div>\n<\/div>\n<div class=\"brz-row__container brz-css-psNsk\" data-brz-custom-id=\"zxhyrqykzqyfaqzeujudhmapgktiwzrztqzi\">\n<div class=\"brz-bg\"><\/div>\n<div class=\"brz-row brz-css-ier_W brz-css-tSyeL\">\n<div class=\"brz-columns brz-css-h7rRb brz-css-eoILD\" data-brz-custom-id=\"adkgkgmxugyjajutvqabheubdvpcnzetjhdj\">\n<div class=\"brz-bg\"><\/div>\n<div class=\"brz-column__items brz-css-bcNUI\">\n<div id=\"\" class=\"brz-css-iZ36I brz-wrapper\">\n<div class=\"brz-video brz-custom-video brz-video-off-controls-hidden brz-css-axEH8 brz-css-ptYHU\" data-brz-custom-id=\"lkmzhzfevovtezoojykleuztmrtumhdtozwk\">\n<div class=\"brz-video-content\" data-loop=\"true\" data-muted=\"false\" data-autoplay=\"on\">\n<div class=\"video-wrapper brz-image-fix-9-16\">\n<div class=\"brz-shortcode__placeholder\"><\/div>\n<\/div>\n<div class=\"brz-video-elem\"><video data-time-start=\"0\" data-time-end=\"0\" class=\"brz-hidden intrinsic-ignore\" preload=\"none\" loop=\"\" muted=\"\" data-autoplay=\"on\" src=\"https:\/\/www.infinitygirl.fr\/wp-content\/uploads\/IMG_1059.mp4\" playsinline=\"\"><\/video><\/div>\n<\/div>\n<\/div>\n<\/div>\n<\/div>\n<\/div>\n<\/div>\n<\/div>\n<\/div>\n<\/div>\n<\/section>\n<section id=\"_adfizqaaytkmrqhidqzvhklmcazaunaujtve\" class=\"brz-section brz-css-tc8dn\">\n<div class=\"brz-section__content brz-section--boxed brz-css-imWcj brz-css-m8h2f\" data-brz-custom-id=\"mzuxraofjduxgzzftbmcnmezixmlrveminbv\">\n<div class=\"brz-container brz-css-gIuDG\">\n<div id=\"\" class=\"brz-css-iZ36I brz-wrapper\">\n<div class=\"brz-image brz-css-oiOSC\" data-brz-custom-id=\"dewprtyheyqdopbajgmapvmsyucxajxsqnsz\"><img decoding=\"async\" class=\"brz-img\" src=\"https:\/\/www.infinitygirl.fr\/wp-content\/uploads\/brizy\/imgs\/Vs-269x269x0x0x269x269x1665146121.png\" alt=\"\" loading=\"lazy\"><\/div>\n<\/div>\n<\/div>\n<\/div>\n<\/section>\n<section id=\"H2\" class=\"brz-section brz-css-tc8dn\">\n<div class=\"brz-section__content brz-section--boxed brz-css-imWcj brz-css-bffdK\" data-brz-custom-id=\"pkdvxxdfmkgbisocrsrjbxyoatqkjxqucqox\">\n<div class=\"brz-container brz-css-gIuDG\">\n<div id=\"\" class=\"brz-css-iZ36I brz-wrapper\">\n<div class=\"brz-rich-text brz-rich-text__custom brz-css-f8gaT\" data-brz-custom-id=\"xcykfyplqhprcoknsgnfjznvzsepsyvttblg\">\n<div data-brz-translate-text=\"1\">\n<p class=\"brz-text-lg-center brz-ls-lg-0 brz-lh-lg-1_9 brz-tp-lg-empty brz-ff-amatic_sc brz-ft-google brz-fs-lg-50 brz-fss-lg-px brz-fw-lg-700 brz-css-pgeXK\" data-generated-css=\"brz-css-payfi\" data-uniq-id=\"jytas\">HABITAT KYKONOS<\/p>\n<\/div>\n<\/div>\n<\/div>\n<div class=\"brz-row__container brz-css-psNsk\" data-brz-custom-id=\"jlnpsxbfaxaxbjvmkxlxxbildhjmphgkhnyk\">\n<div class=\"brz-bg\"><\/div>\n<div class=\"brz-row brz-css-ier_W brz-css-tSyeL\">\n<div class=\"brz-columns brz-css-h7rRb brz-css-uzPzh\" data-brz-custom-id=\"mowqpvxxdittovkwcghatufzlvwvoxclrgpk\">\n<div class=\"brz-bg\"><\/div>\n<div class=\"brz-column__items brz-css-bcNUI\">\n<div id=\"\" class=\"brz-css-iZ36I brz-wrapper\">\n<div class=\"brz-image brz-image__lightbox brz-css-iyVLX\" data-brz-custom-id=\"mafvmqkadajmgzicdpsxotdacdgrzozujwur\"><a class=\"brz-a\" href=\"https:\/\/www.infinitygirl.fr\/wp-content\/uploads\/photo_2022-09-30_18-20-50.jpg\" target=\"_self\" rel=\"noopener\" data-brz-link-type=\"lightBox\"><img decoding=\"async\" class=\"brz-img\" src=\"https:\/\/www.infinitygirl.fr\/wp-content\/uploads\/brizy\/imgs\/photo_2022-09-30_18-20-50-1274x855x67x0x1140x855x1664557366.jpg\" alt=\"\" loading=\"lazy\"><\/a><\/div>\n<\/div>\n<\/div>\n<\/div>\n<\/div>\n<\/div>\n<div id=\"\" class=\"brz-css-iZ36I brz-css-ljSiS brz-wrapper\">\n<div class=\"brz-spacer brz-css-bdN1h\"><\/div>\n<\/div>\n<div class=\"brz-row__container brz-css-psNsk\" data-brz-custom-id=\"rgxojfinqybyytqavceaykdtpabahidzfwlq\">\n<div class=\"brz-bg\"><\/div>\n<div class=\"brz-row brz-css-ier_W brz-css-tSyeL\">\n<div class=\"brz-columns brz-css-h7rRb brz-css-dMktP\" data-brz-custom-id=\"majmrnewtzrjbvyjgyzfoubyrxfxvurnrpjw\">\n<div class=\"brz-bg\"><\/div>\n<div class=\"brz-column__items brz-css-bcNUI\">\n<div id=\"\" class=\"brz-css-iZ36I brz-wrapper\">\n<div class=\"brz-image brz-image__lightbox brz-css-iSH_6\" data-brz-custom-id=\"qprzvthlwiphbeolyykbsqxnptjcdtybxxik\"><a class=\"brz-a\" href=\"https:\/\/www.infinitygirl.fr\/wp-content\/uploads\/photo_2022-09-30_18-20-59.jpg\" target=\"_self\" rel=\"noopener\" data-brz-link-type=\"lightBox\"><img decoding=\"async\" class=\"brz-img\" src=\"https:\/\/www.infinitygirl.fr\/wp-content\/uploads\/brizy\/imgs\/photo_2022-09-30_18-20-59-1273x855x66x0x1140x855x1664557367.jpg\" alt=\"\" loading=\"lazy\"><\/a><\/div>\n<\/div>\n<\/div>\n<\/div>\n<\/div>\n<\/div>\n<div id=\"\" class=\"brz-css-iZ36I brz-css-ljSiS brz-wrapper\">\n<div class=\"brz-spacer brz-css-bdN1h\"><\/div>\n<\/div>\n<div class=\"brz-row__container brz-css-psNsk\" data-brz-custom-id=\"nsfuyzcnoezdyxiyblhcsoatoaonhupakknr\">\n<div class=\"brz-bg\"><\/div>\n<div class=\"brz-row brz-css-ier_W brz-css-tSyeL\">\n<div class=\"brz-columns brz-css-h7rRb brz-css-yhFwv\" data-brz-custom-id=\"juuosudjjfxqanmsrrgyiiclvhjfkuiktjrm\">\n<div class=\"brz-bg\"><\/div>\n<div class=\"brz-column__items brz-css-bcNUI\">\n<div id=\"\" class=\"brz-css-iZ36I brz-wrapper\">\n<div class=\"brz-video brz-custom-video brz-video-off-controls-hidden brz-css-axEH8 brz-css-hf3Rm\" data-brz-custom-id=\"znmrofiftbunbnloeaodejbjubtcgjumxacz\">\n<div class=\"brz-video-content\" data-loop=\"true\" data-muted=\"false\" data-autoplay=\"on\">\n<div class=\"video-wrapper brz-image-fix-9-16\">\n<div class=\"brz-shortcode__placeholder\"><\/div>\n<\/div>\n<div class=\"brz-video-elem\"><video data-time-start=\"0\" data-time-end=\"0\" class=\"brz-hidden intrinsic-ignore\" preload=\"none\" loop=\"\" muted=\"\" data-autoplay=\"on\" src=\"https:\/\/www.infinitygirl.fr\/wp-content\/uploads\/IMG_1060-1.mp4\" playsinline=\"\"><\/video><\/div>\n<\/div>\n<\/div>\n<\/div>\n<\/div>\n<\/div>\n<\/div>\n<\/div>\n<\/div>\n<\/div>\n<\/section>\n<\/div>\n<p>    <!-- version:1736008762 --><\/p>","protected":false},"excerpt":{"rendered":"<p>A Special Occasion To Travel Every month we put 2 sublime hotels in competition! Vote for your favorite place and try to win 1 night in the one that will be voted best Infinity.. \ufeffJust subscribe to the Instagram account of the hotel that seems best to you to count your vote and try to [&hellip;]<\/p>","protected":false},"author":1,"featured_media":0,"parent":0,"menu_order":0,"comment_status":"closed","ping_status":"closed","template":"brizy-blank-template.php","meta":{"footnotes":""},"class_list":["post-324","page","type-page","status-publish","hentry"],"blocksy_meta":[],"_links":{"self":[{"href":"https:\/\/www.infinitygirl.fr\/fr\/wp-json\/wp\/v2\/pages\/324","targetHints":{"allow":["GET"]}}],"collection":[{"href":"https:\/\/www.infinitygirl.fr\/fr\/wp-json\/wp\/v2\/pages"}],"about":[{"href":"https:\/\/www.infinitygirl.fr\/fr\/wp-json\/wp\/v2\/types\/page"}],"author":[{"embeddable":true,"href":"https:\/\/www.infinitygirl.fr\/fr\/wp-json\/wp\/v2\/users\/1"}],"replies":[{"embeddable":true,"href":"https:\/\/www.infinitygirl.fr\/fr\/wp-json\/wp\/v2\/comments?post=324"}],"version-history":[{"count":26,"href":"https:\/\/www.infinitygirl.fr\/fr\/wp-json\/wp\/v2\/pages\/324\/revisions"}],"predecessor-version":[{"id":932,"href":"https:\/\/www.infinitygirl.fr\/fr\/wp-json\/wp\/v2\/pages\/324\/revisions\/932"}],"wp:attachment":[{"href":"https:\/\/www.infinitygirl.fr\/fr\/wp-json\/wp\/v2\/media?parent=324"}],"curies":[{"name":"wp","href":"https:\/\/api.w.org\/{rel}","templated":true}]}}